{"id":19,"date":"2018-06-20T02:38:50","date_gmt":"2018-06-20T02:38:50","guid":{"rendered":"http:\/\/dev.joomexp.com\/wordpress\/medimul\/?page_id=19"},"modified":"2026-02-02T19:32:34","modified_gmt":"2026-02-02T19:32:34","slug":"kontaktiraj-nas","status":"publish","type":"page","link":"https:\/\/www.inmedic.hr\/?page_id=19","title":{"rendered":"KONTAKTIRAJTE NAS"},"content":{"rendered":"<p>[vc_row full_width=&#8221;stretch_row&#8221; gap=&#8221;35&#8243; equal_height=&#8221;yes&#8221; css=&#8221;.vc_custom_1570650519080{border-top-width: 10px !important;padding-top: 10px !important;}&#8221;][vc_column][vc_row_inner gap=&#8221;20&#8243; css=&#8221;.vc_custom_1570650554735{margin-right: 0px !important;margin-left: 0px !important;}&#8221;][vc_column_inner]<div role=\"form\" class=\"wpcf7\" id=\"wpcf7-f704-o1\" lang=\"en-US\" dir=\"ltr\">\n<div class=\"screen-reader-response\"><p role=\"status\" aria-live=\"polite\" aria-atomic=\"true\"><\/p> <ul><\/ul><\/div>\n<form action=\"\/index.php?rest_route=%2Fwp%2Fv2%2Fpages%2F19#wpcf7-f704-o1\" method=\"post\" class=\"wpcf7-form init\" novalidate=\"novalidate\" data-status=\"init\">\n<div style=\"display: none;\">\n<input type=\"hidden\" name=\"_wpcf7\" value=\"704\" \/>\n<input type=\"hidden\" name=\"_wpcf7_version\" value=\"5.5.6\" \/>\n<input type=\"hidden\" name=\"_wpcf7_locale\" value=\"en_US\" \/>\n<input type=\"hidden\" name=\"_wpcf7_unit_tag\" value=\"wpcf7-f704-o1\" \/>\n<input type=\"hidden\" name=\"_wpcf7_container_post\" value=\"0\" \/>\n<input type=\"hidden\" name=\"_wpcf7_posted_data_hash\" value=\"\" \/>\n<\/div>\n<div class=\"row\">\n<div class=\"col-md-4 col-sm-12\"> <span class=\"wpcf7-form-control-wrap your-name\"><input type=\"text\" name=\"your-name\" value=\"\" size=\"40\" class=\"wpcf7-form-control wpcf7-text wpcf7-validates-as-required\" aria-required=\"true\" aria-invalid=\"false\" placeholder=\"Va\u0161e ime\" \/><\/span> <\/div>\n<div class=\"col-md-4 col-sm-12\"><span class=\"wpcf7-form-control-wrap your-email\"><input type=\"email\" name=\"your-email\" value=\"\" size=\"40\" class=\"wpcf7-form-control wpcf7-text wpcf7-email wpcf7-validates-as-required wpcf7-validates-as-email\" aria-required=\"true\" aria-invalid=\"false\" placeholder=\"Va\u0161 e-mail\" \/><\/span> <\/div>\n<div class=\"col-md-4 col-sm-12\"><span class=\"wpcf7-form-control-wrap your-phone\"><input type=\"tel\" name=\"your-phone\" value=\"\" size=\"40\" class=\"wpcf7-form-control wpcf7-text wpcf7-tel wpcf7-validates-as-required wpcf7-validates-as-tel\" aria-required=\"true\" aria-invalid=\"false\" placeholder=\"Va\u0161 telefonski broj\" \/><\/span> <\/div>\n<\/div>\n<div class=\"row\">\n<div class=\"col-sm-12\"><span class=\"wpcf7-form-control-wrap your-message\"><textarea name=\"your-message\" cols=\"40\" rows=\"10\" class=\"wpcf7-form-control wpcf7-textarea\" aria-invalid=\"false\" placeholder=\"Va\u0161a poruka\"><\/textarea><\/span> <\/div>\n<\/div>\n<div class=\"row\">\n<div class=\"col-sm-12\"><input type=\"submit\" value=\"Po\u0161aljite poruku\" class=\"wpcf7-form-control has-spinner wpcf7-submit\" \/><\/div>\n<\/div>\n<div class=\"wpcf7-response-output\" aria-hidden=\"true\"><\/div><\/form><\/div>[\/vc_column_inner][\/vc_row_inner][\/vc_column][\/vc_row][vc_row][vc_column][vc_column_text]<\/p>\n<p style=\"margin: 0cm; text-align: center; background: white;\" align=\"center\"><span style=\"font-size: 11.5pt; font-family: 'Muli',serif; color: #777777;\">InMEDIC je ovla\u0161teni Zastupnik i distributer TOSAMA-e i MEDLINE-a na hrvatskom tr\u017ei\u0161tu.<\/span><\/p>\n<p style=\"margin: 0cm; text-align: center; background: white; box-sizing: inherit; font-variant-ligatures: normal; font-variant-caps: normal; orphans: 2; widows: 2; -webkit-text-stroke-width: 0px; text-decoration-thickness: initial; text-decoration-style: initial; text-decoration-color: initial; word-spacing: 0px;\" align=\"center\"><span style=\"font-size: 11.5pt; font-family: 'Muli',serif; color: #777777;\">Puni naziv: InMEDIC dru\u0161tvo s ograni\u010denom odgovorno\u0161\u0107u za trgovinu i usluge<br style=\"box-sizing: inherit;\" \/>Skra\u0107eni naziv: InMEDIC d.o.o.<\/span><\/p>\n<p style=\"margin: 0cm; text-align: center; background: white; box-sizing: inherit; font-variant-ligatures: normal; font-variant-caps: normal; orphans: 2; widows: 2; -webkit-text-stroke-width: 0px; text-decoration-thickness: initial; text-decoration-style: initial; text-decoration-color: initial; word-spacing: 0px;\" align=\"center\"><span style=\"font-size: 11.5pt; font-family: 'Muli',serif; color: #777777;\">Adresa sjedi\u0161ta: Rikarda Katalini\u0107a Jeretova 4<br style=\"box-sizing: inherit;\" \/>Po\u0161ta i mjesto sjedi\u0161ta: 51000 Rijeka<br style=\"box-sizing: inherit;\" \/>\u017dupanija: Primorsko-goranska \u017eupanija<\/span><\/p>\n<p style=\"margin: 0cm; text-align: center; background: white; box-sizing: inherit; font-variant-ligatures: normal; font-variant-caps: normal; orphans: 2; widows: 2; -webkit-text-stroke-width: 0px; text-decoration-thickness: initial; text-decoration-style: initial; text-decoration-color: initial; word-spacing: 0px;\" align=\"center\"><span style=\"font-size: 11.5pt; font-family: 'Muli',serif; color: #777777;\">Nadle\u017eni sud: Trgova\u010dki sud u Rijeci<br style=\"box-sizing: inherit;\" \/>Mati\u010dni broj: 05148561<br style=\"box-sizing: inherit;\" \/>MBS: 010112783<br style=\"box-sizing: inherit;\" \/>OIB: 28848729296<\/span><\/p>\n<p style=\"margin: 0cm; text-align: center; background: white; box-sizing: inherit; font-variant-ligatures: normal; font-variant-caps: normal; orphans: 2; widows: 2; -webkit-text-stroke-width: 0px; text-decoration-thickness: initial; text-decoration-style: initial; text-decoration-color: initial; word-spacing: 0px;\" align=\"center\"><span style=\"font-size: 11.5pt; font-family: 'Muli',serif; color: #777777;\">\u017diro ra\u010dun: Erste &amp; Steierm\u00e4rkische Bank d.d.<\/span><\/p>\n<p style=\"margin: 0cm; text-align: center; background: white; box-sizing: inherit; font-variant-ligatures: normal; font-variant-caps: normal; orphans: 2; widows: 2; -webkit-text-stroke-width: 0px; text-decoration-thickness: initial; text-decoration-style: initial; text-decoration-color: initial; word-spacing: 0px;\" align=\"center\"><span style=\"font-size: 11.5pt; font-family: 'Muli',serif; color: #777777;\">IBAN: HR2624020061100939763<\/span><\/p>\n<p style=\"margin: 0cm; text-align: center; background: white; box-sizing: inherit; font-variant-ligatures: normal; font-variant-caps: normal; orphans: 2; widows: 2; -webkit-text-stroke-width: 0px; text-decoration-thickness: initial; text-decoration-style: initial; text-decoration-color: initial; word-spacing: 0px;\" align=\"center\"><span style=\"font-size: 11.5pt; font-family: 'Muli',serif; color: #777777;\">SWIFT\/BIC: ESBCHR22<\/span><\/p>\n<p style=\"margin: 0cm; text-align: center; background: white; box-sizing: inherit; font-variant-ligatures: normal; font-variant-caps: normal; orphans: 2; widows: 2; -webkit-text-stroke-width: 0px; text-decoration-thickness: initial; text-decoration-style: initial; text-decoration-color: initial; word-spacing: 0px;\" align=\"center\"><span style=\"font-size: 11.5pt; font-family: 'Muli',serif; color: #777777;\">Osniva\u010di\/\u010dlanovi dru\u0161tva: Dean Vodicka, MScHQ.,MScN.,MScEcon.<br style=\"box-sizing: inherit;\" \/>Osobe ovla\u0161tene za zastupanje: Dean Vodicka, MScHQ.,MScN.,MScEcon.<\/span><\/p>\n<p style=\"margin: 0cm; text-align: center; background: white; box-sizing: inherit; font-variant-ligatures: normal; font-variant-caps: normal; orphans: 2; widows: 2; -webkit-text-stroke-width: 0px; text-decoration-thickness: initial; text-decoration-style: initial; text-decoration-color: initial; word-spacing: 0px;\" align=\"center\"><span style=\"font-size: 11.5pt; font-family: 'Muli',serif; color: #777777;\">Djelatnost: 46.46.0. Trgovina na veliko farmaceutskim i medicinskim proizvodima<br style=\"box-sizing: inherit;\" \/>Izvor temeljnog kapitala: 3.000,00 eura upla\u0107en u <span style=\"color: #777777; font-family: Muli, serif; font-size: 11.5pt;\">cijelosti<\/span><\/span><\/p>\n<p align=\"center\"><img loading=\"lazy\" decoding=\"async\" class=\"alignnone wp-image-2907\" src=\"https:\/\/www.inmedic.hr\/wp-content\/uploads\/2023\/09\/BONITET-2023-InMEDIC.png\" alt=\"\" width=\"432\" height=\"108\" \/> \u00a0<img loading=\"lazy\" decoding=\"async\" class=\"alignnone wp-image-2906\" src=\"https:\/\/www.inmedic.hr\/wp-content\/uploads\/2023\/09\/bonitet-2022-3.png\" alt=\"\" width=\"432\" height=\"108\" \/><\/p>\n<p align=\"center\"><img loading=\"lazy\" decoding=\"async\" class=\"alignnone size-full wp-image-2905\" src=\"https:\/\/www.inmedic.hr\/wp-content\/uploads\/2023\/09\/bonitet-2020-3.png\" alt=\"\" width=\"400\" height=\"100\" \/>\u00a0 \u00a0<img loading=\"lazy\" decoding=\"async\" class=\"alignnone wp-image-2914\" src=\"https:\/\/www.inmedic.hr\/wp-content\/uploads\/2023\/09\/bonitet-1-1.png\" alt=\"\" width=\"402\" height=\"88\" \/><\/p>\n<p>[\/vc_column_text][\/vc_column][\/vc_row]<\/p>\n","protected":false},"excerpt":{"rendered":"<p>[vc_row full_width=&#8221;stretch_row&#8221; gap=&#8221;35&#8243; equal_height=&#8221;yes&#8221; css=&#8221;.vc_custom_1570650519080{border-top-width: 10px !important;padding-top: 10px !important;}&#8221;][vc_column][vc_row_inner gap=&#8221;20&#8243; css=&#8221;.vc_custom_1570650554735{margin-right: 0px !important;margin-left: 0px !important;}&#8221;][vc_column_inner][\/vc_column_inner][\/vc_row_inner][\/vc_column][\/vc_row][vc_row][vc_column][vc_column_text] InMEDIC je ovla\u0161teni Zastupnik i distributer TOSAMA-e i MEDLINE-a na hrvatskom tr\u017ei\u0161tu. Puni naziv: InMEDIC dru\u0161tvo s ograni\u010denom odgovorno\u0161\u0107u za trgovinu i uslugeSkra\u0107eni naziv: InMEDIC d.o.o. Adresa sjedi\u0161ta: Rikarda Katalini\u0107a Jeretova 4Po\u0161ta i mjesto sjedi\u0161ta: 51000 Rijeka\u017dupanija: Primorsko-goranska \u017eupanija Nadle\u017eni [&hellip;]<\/p>\n","protected":false},"author":1,"featured_media":0,"parent":0,"menu_order":0,"comment_status":"closed","ping_status":"closed","template":"","meta":{"footnotes":""},"_links":{"self":[{"href":"https:\/\/www.inmedic.hr\/index.php?rest_route=\/wp\/v2\/pages\/19"}],"collection":[{"href":"https:\/\/www.inmedic.hr\/index.php?rest_route=\/wp\/v2\/pages"}],"about":[{"href":"https:\/\/www.inmedic.hr\/index.php?rest_route=\/wp\/v2\/types\/page"}],"author":[{"embeddable":true,"href":"https:\/\/www.inmedic.hr\/index.php?rest_route=\/wp\/v2\/users\/1"}],"replies":[{"embeddable":true,"href":"https:\/\/www.inmedic.hr\/index.php?rest_route=%2Fwp%2Fv2%2Fcomments&post=19"}],"version-history":[{"count":107,"href":"https:\/\/www.inmedic.hr\/index.php?rest_route=\/wp\/v2\/pages\/19\/revisions"}],"predecessor-version":[{"id":3008,"href":"https:\/\/www.inmedic.hr\/index.php?rest_route=\/wp\/v2\/pages\/19\/revisions\/3008"}],"wp:attachment":[{"href":"https:\/\/www.inmedic.hr\/index.php?rest_route=%2Fwp%2Fv2%2Fmedia&parent=19"}],"curies":[{"name":"wp","href":"https:\/\/api.w.org\/{rel}","templated":true}]}}