{"id":2450,"date":"2021-11-22T09:21:18","date_gmt":"2021-11-22T09:21:18","guid":{"rendered":"http:\/\/www.inmedic.hr\/?page_id=2450"},"modified":"2024-09-18T06:44:40","modified_gmt":"2024-09-18T06:44:40","slug":"o-nama","status":"publish","type":"page","link":"https:\/\/www.inmedic.hr\/?page_id=2450","title":{"rendered":"O NAMA"},"content":{"rendered":"<p style=\"text-align: center;\">InMEDIC d.o.o. je tvrtka za zastupanje i veleprodaju medicinskih proizvoda, osnovana 2019. godine.<\/p>\n<p style=\"text-align: center;\">Ovla\u0161teni smo zastupnici TOSAMA-e i MEDLINE-a na hrvatskom tr\u017ei\u0161tu i na\u0161i su proizvodi me\u0111u najkvalitetnijim proizvodima u ponudi.<\/p>\n<p style=\"text-align: center;\">Nudimo \u0161irok izbor proizvoda iz programa medicinskog potro\u0161nog materijala.<\/p>\n<p style=\"text-align: center;\">Dru\u0161tveno smo odgovorni i svi na\u0161i proizvodi zadovoljavaju najstro\u017ee kriterije i standarde u aspektima ekolo\u0161ke i ekonomske osvije\u0161tenosti i prihvatljivosti.<\/p>\n<p style=\"text-align: center;\">CILJEVI su nam usmjereni na dobrobit i napredak u medicini, br\u017ee i jednostavnije lije\u010denje te aktivnosti u procesu zdravstvene njege, kojima \u0107emo osigurati lak\u0161i i bezbolniji oporavak pacijenata.<\/p>\n<p style=\"text-align: center;\">MISIJA nam je iskustvom i znanjem te individualnim pristupom osigurati kvalitetnu uslugu savjetovanja kroz rje\u0161enja dostupna svima.<\/p>\n<p style=\"text-align: center;\">VIZIJA nam je kvalitetom usluge i inovativnim rje\u0161enjima biti \u201ekorak ispred vremena\u201c.<\/p>\n\n\n<div class=\"wp-block-image\"><figure class=\"aligncenter size-large is-resized\"><img loading=\"lazy\" decoding=\"async\" src=\"https:\/\/www.inmedic.hr\/wp-content\/uploads\/2023\/08\/BONITET-2023-InMEDIC-4.png\" alt=\"\" class=\"wp-image-2851\" width=\"381\" height=\"95\"\/><\/figure><\/div>\n\n\n\n<div class=\"wp-block-image is-style-default\"><figure class=\"aligncenter size-large is-resized\"><img loading=\"lazy\" decoding=\"async\" src=\"https:\/\/www.inmedic.hr\/wp-content\/uploads\/2023\/09\/bonitet-2022.png\" alt=\"\" class=\"wp-image-2861\" width=\"381\" height=\"95\"\/><\/figure><\/div>\n\n\n\n<div class=\"wp-block-image is-style-default\"><figure class=\"aligncenter size-large is-resized\"><img loading=\"lazy\" decoding=\"async\" src=\"https:\/\/www.inmedic.hr\/wp-content\/uploads\/2023\/09\/bonitet-2020.png\" alt=\"\" class=\"wp-image-2860\" width=\"382\" height=\"96\"\/><\/figure><\/div>\n\n\n\n<div class=\"wp-block-image is-style-default\"><figure class=\"aligncenter size-large is-resized\"><img loading=\"lazy\" decoding=\"async\" src=\"https:\/\/www.inmedic.hr\/wp-content\/uploads\/2023\/09\/bonitet-1-2.png\" alt=\"\" class=\"wp-image-2919\" width=\"372\" height=\"82\"\/><\/figure><\/div>\n\n\n\n<div class=\"wp-block-image\"><figure class=\"aligncenter size-large\"><img loading=\"lazy\" decoding=\"async\" width=\"640\" height=\"378\" src=\"https:\/\/www.inmedic.hr\/wp-content\/uploads\/2024\/03\/HAMAG_EU-1-640x378-3.jpg\" alt=\"\" class=\"wp-image-2978\"\/><\/figure><\/div>\n","protected":false},"excerpt":{"rendered":"<p>InMEDIC d.o.o. je tvrtka za zastupanje i veleprodaju medicinskih proizvoda, osnovana 2019. godine. Ovla\u0161teni smo zastupnici TOSAMA-e i MEDLINE-a na hrvatskom tr\u017ei\u0161tu i na\u0161i su proizvodi me\u0111u najkvalitetnijim proizvodima u ponudi. Nudimo \u0161irok izbor proizvoda iz programa medicinskog potro\u0161nog materijala. Dru\u0161tveno smo odgovorni i svi na\u0161i proizvodi zadovoljavaju najstro\u017ee kriterije i standarde u aspektima ekolo\u0161ke [&hellip;]<\/p>\n","protected":false},"author":1,"featured_media":0,"parent":0,"menu_order":0,"comment_status":"closed","ping_status":"closed","template":"","meta":{"footnotes":""},"_links":{"self":[{"href":"https:\/\/www.inmedic.hr\/index.php?rest_route=\/wp\/v2\/pages\/2450"}],"collection":[{"href":"https:\/\/www.inmedic.hr\/index.php?rest_route=\/wp\/v2\/pages"}],"about":[{"href":"https:\/\/www.inmedic.hr\/index.php?rest_route=\/wp\/v2\/types\/page"}],"author":[{"embeddable":true,"href":"https:\/\/www.inmedic.hr\/index.php?rest_route=\/wp\/v2\/users\/1"}],"replies":[{"embeddable":true,"href":"https:\/\/www.inmedic.hr\/index.php?rest_route=%2Fwp%2Fv2%2Fcomments&post=2450"}],"version-history":[{"count":135,"href":"https:\/\/www.inmedic.hr\/index.php?rest_route=\/wp\/v2\/pages\/2450\/revisions"}],"predecessor-version":[{"id":2980,"href":"https:\/\/www.inmedic.hr\/index.php?rest_route=\/wp\/v2\/pages\/2450\/revisions\/2980"}],"wp:attachment":[{"href":"https:\/\/www.inmedic.hr\/index.php?rest_route=%2Fwp%2Fv2%2Fmedia&parent=2450"}],"curies":[{"name":"wp","href":"https:\/\/api.w.org\/{rel}","templated":true}]}}